{"id":46,"date":"2022-02-10T13:35:56","date_gmt":"2022-02-10T12:35:56","guid":{"rendered":"http:\/\/klubaikido.pl\/?page_id=46"},"modified":"2026-03-30T18:06:57","modified_gmt":"2026-03-30T16:06:57","slug":"mistrzowie","status":"publish","type":"page","link":"https:\/\/klubaikido.pl\/?page_id=46","title":{"rendered":"MISTRZOWIE"},"content":{"rendered":"\t\t<div data-elementor-type=\"wp-page\" data-elementor-id=\"46\" class=\"elementor elementor-46\" data-elementor-post-type=\"page\">\n\t\t\t\t\t\t<section class=\"elementor-section elementor-top-section elementor-element elementor-element-34ac88ac elementor-hidden-tablet elementor-hidden-mobile elementor-section-boxed elementor-section-height-default elementor-section-height-default\" data-id=\"34ac88ac\" data-element_type=\"section\" data-e-type=\"section\" data-settings=\"{&quot;background_background&quot;:&quot;classic&quot;,&quot;sticky&quot;:&quot;top&quot;,&quot;sticky_on&quot;:[&quot;desktop&quot;,&quot;tablet&quot;,&quot;mobile&quot;],&quot;sticky_offset&quot;:0,&quot;sticky_effects_offset&quot;:0,&quot;sticky_anchor_link_offset&quot;:0}\">\n\t\t\t\t\t\t<div class=\"elementor-container elementor-column-gap-default\">\n\t\t\t\t\t<div class=\"elementor-column elementor-col-20 elementor-top-column elementor-element elementor-element-61afdd8\" data-id=\"61afdd8\" data-element_type=\"column\" data-e-type=\"column\">\n\t\t\t<div class=\"elementor-widget-wrap elementor-element-populated\">\n\t\t\t\t\t\t<div class=\"elementor-element elementor-element-1b73832a elementor-widget elementor-widget-image\" data-id=\"1b73832a\" data-element_type=\"widget\" data-e-type=\"widget\" data-widget_type=\"image.default\">\n\t\t\t\t<div class=\"elementor-widget-container\">\n\t\t\t\t\t\t\t\t\t\t\t\t\t\t\t<img decoding=\"async\" src=\"https:\/\/klubaikido.pl\/wp-content\/uploads\/elementor\/thumbs\/cropped-Aikido-Poznan_Logo_biale_tlo-1-r70mrxbcnisn3df5lumlk895rb7bdsrh50yrlwzmf0.png\" title=\"cropped-Aikido-Poznan_Logo_bia\u0142e_t\u0142o (1)\" alt=\"cropped-Aikido-Poznan_Logo_bia\u0142e_t\u0142o (1)\" loading=\"lazy\" \/>\t\t\t\t\t\t\t\t\t\t\t\t\t\t\t<\/div>\n\t\t\t\t<\/div>\n\t\t\t\t\t<\/div>\n\t\t<\/div>\n\t\t\t\t<div class=\"elementor-column elementor-col-20 elementor-top-column elementor-element elementor-element-369fa81f\" data-id=\"369fa81f\" data-element_type=\"column\" data-e-type=\"column\">\n\t\t\t<div class=\"elementor-widget-wrap elementor-element-populated\">\n\t\t\t\t\t\t<div class=\"elementor-element elementor-element-747247d7 elementor-widget elementor-widget-image\" data-id=\"747247d7\" data-element_type=\"widget\" data-e-type=\"widget\" data-widget_type=\"image.default\">\n\t\t\t\t<div class=\"elementor-widget-container\">\n\t\t\t\t\t\t\t\t\t\t\t\t\t\t\t\t<a href=\"http:\/\/wshiu.pl\/\">\n\t\t\t\t\t\t\t<img decoding=\"async\" src=\"https:\/\/klubaikido.pl\/wp-content\/uploads\/elementor\/thumbs\/Logo_na_bordo-r70ms4u1bhxtv9jmbycilw901y51x9q5j8tik7wvsw.png\" title=\"Logo_na_bordo\" alt=\"Logo_na_bordo\" loading=\"lazy\" \/>\t\t\t\t\t\t\t\t<\/a>\n\t\t\t\t\t\t\t\t\t\t\t\t\t\t\t<\/div>\n\t\t\t\t<\/div>\n\t\t\t\t\t<\/div>\n\t\t<\/div>\n\t\t\t\t<div class=\"elementor-column elementor-col-20 elementor-top-column elementor-element elementor-element-55fd00e\" data-id=\"55fd00e\" data-element_type=\"column\" data-e-type=\"column\">\n\t\t\t<div class=\"elementor-widget-wrap elementor-element-populated\">\n\t\t\t\t\t\t<div class=\"elementor-element elementor-element-6670707 elementor-position-inline-start elementor-view-default elementor-mobile-position-block-start elementor-widget elementor-widget-icon-box\" data-id=\"6670707\" data-element_type=\"widget\" data-e-type=\"widget\" data-widget_type=\"icon-box.default\">\n\t\t\t\t<div class=\"elementor-widget-container\">\n\t\t\t\t\t\t\t<div class=\"elementor-icon-box-wrapper\">\n\n\t\t\t\t\t\t<div class=\"elementor-icon-box-icon\">\n\t\t\t\t<a href=\"https:\/\/www.google.com\/maps\/dir\/52.3775068,16.9074896\/wshiu+map\/@52.3793151,16.9071094,17z\/data=!3m1!4b1!4m9!4m8!1m1!4e1!1m5!1m1!1s0x470444cb3700e2a1:0x13d876c46973eed3!2m2!1d16.9111066!2d52.3810717\" class=\"elementor-icon\" tabindex=\"-1\" aria-label=\"Adres dojo:\">\n\t\t\t\t<i aria-hidden=\"true\" class=\"fas fa-map-marker-alt\"><\/i>\t\t\t\t<\/a>\n\t\t\t<\/div>\n\t\t\t\n\t\t\t\t\t\t<div class=\"elementor-icon-box-content\">\n\n\t\t\t\t\t\t\t\t\t<h1 class=\"elementor-icon-box-title\">\n\t\t\t\t\t\t<a href=\"https:\/\/www.google.com\/maps\/dir\/52.3775068,16.9074896\/wshiu+map\/@52.3793151,16.9071094,17z\/data=!3m1!4b1!4m9!4m8!1m1!4e1!1m5!1m1!1s0x470444cb3700e2a1:0x13d876c46973eed3!2m2!1d16.9111066!2d52.3810717\" >\n\t\t\t\t\t\t\tAdres dojo:\t\t\t\t\t\t<\/a>\n\t\t\t\t\t<\/h1>\n\t\t\t\t\n\t\t\t\t\t\t\t\t\t<p class=\"elementor-icon-box-description\">\n\t\t\t\t\t\tul. 28 Czerwca 1956r nr 217\/219 w Poznaniu\n<br> w budynku Wy\u017cszej Szko\u0142y Handlu i Us\u0142ug\t\t\t\t\t<\/p>\n\t\t\t\t\n\t\t\t<\/div>\n\t\t\t\n\t\t<\/div>\n\t\t\t\t\t\t<\/div>\n\t\t\t\t<\/div>\n\t\t\t\t\t<\/div>\n\t\t<\/div>\n\t\t\t\t<div class=\"elementor-column elementor-col-20 elementor-top-column elementor-element elementor-element-7bcc7220\" data-id=\"7bcc7220\" data-element_type=\"column\" data-e-type=\"column\">\n\t\t\t<div class=\"elementor-widget-wrap elementor-element-populated\">\n\t\t\t\t\t\t<div class=\"elementor-element elementor-element-6d980bdd elementor-position-inline-start elementor-view-default elementor-mobile-position-block-start elementor-widget elementor-widget-icon-box\" data-id=\"6d980bdd\" data-element_type=\"widget\" data-e-type=\"widget\" data-widget_type=\"icon-box.default\">\n\t\t\t\t<div class=\"elementor-widget-container\">\n\t\t\t\t\t\t\t<div class=\"elementor-icon-box-wrapper\">\n\n\t\t\t\t\t\t<div class=\"elementor-icon-box-icon\">\n\t\t\t\t<a href=\"tel:+48501069935\" class=\"elementor-icon\" tabindex=\"-1\" aria-label=\"Telefon dojo:\">\n\t\t\t\t<i aria-hidden=\"true\" class=\"fas fa-phone-alt\"><\/i>\t\t\t\t<\/a>\n\t\t\t<\/div>\n\t\t\t\n\t\t\t\t\t\t<div class=\"elementor-icon-box-content\">\n\n\t\t\t\t\t\t\t\t\t<h1 class=\"elementor-icon-box-title\">\n\t\t\t\t\t\t<a href=\"tel:+48501069935\" >\n\t\t\t\t\t\t\tTelefon dojo:\t\t\t\t\t\t<\/a>\n\t\t\t\t\t<\/h1>\n\t\t\t\t\n\t\t\t\t\t\t\t\t\t<p class=\"elementor-icon-box-description\">\n\t\t\t\t\t\t501 069 935\n513 084 904\t\t\t\t\t<\/p>\n\t\t\t\t\n\t\t\t<\/div>\n\t\t\t\n\t\t<\/div>\n\t\t\t\t\t\t<\/div>\n\t\t\t\t<\/div>\n\t\t\t\t\t<\/div>\n\t\t<\/div>\n\t\t\t\t<div class=\"elementor-column elementor-col-20 elementor-top-column elementor-element elementor-element-32d1632c\" data-id=\"32d1632c\" data-element_type=\"column\" data-e-type=\"column\">\n\t\t\t<div class=\"elementor-widget-wrap elementor-element-populated\">\n\t\t\t\t\t\t<div class=\"elementor-element elementor-element-c499be4 elementor-position-inline-start elementor-view-default elementor-mobile-position-block-start elementor-widget elementor-widget-icon-box\" data-id=\"c499be4\" data-element_type=\"widget\" data-e-type=\"widget\" data-widget_type=\"icon-box.default\">\n\t\t\t\t<div class=\"elementor-widget-container\">\n\t\t\t\t\t\t\t<div class=\"elementor-icon-box-wrapper\">\n\n\t\t\t\t\t\t<div class=\"elementor-icon-box-icon\">\n\t\t\t\t<span  class=\"elementor-icon\">\n\t\t\t\t<i aria-hidden=\"true\" class=\"far fa-clock\"><\/i>\t\t\t\t<\/span>\n\t\t\t<\/div>\n\t\t\t\n\t\t\t\t\t\t<div class=\"elementor-icon-box-content\">\n\n\t\t\t\t\t\t\t\t\t<h1 class=\"elementor-icon-box-title\">\n\t\t\t\t\t\t<span  >\n\t\t\t\t\t\t\tZaj\u0119cia:\t\t\t\t\t\t<\/span>\n\t\t\t\t\t<\/h1>\n\t\t\t\t\n\t\t\t\t\t\t\t\t\t<p class=\"elementor-icon-box-description\">\n\t\t\t\t\t\twtorki  19:30 \u2013 21:30\n<br>\u015brody 07:45 \u2013 9:15,\n<br>czwartki 19:00 \u2013 20:30\n<br>soboty 08:30 \u2013 10:00\t\t\t\t\t<\/p>\n\t\t\t\t\n\t\t\t<\/div>\n\t\t\t\n\t\t<\/div>\n\t\t\t\t\t\t<\/div>\n\t\t\t\t<\/div>\n\t\t\t\t\t<\/div>\n\t\t<\/div>\n\t\t\t\t\t<\/div>\n\t\t<\/section>\n\t\t\t\t<section class=\"elementor-section elementor-top-section elementor-element elementor-element-339849f7 elementor-section-boxed elementor-section-height-default elementor-section-height-default\" data-id=\"339849f7\" data-element_type=\"section\" data-e-type=\"section\" data-settings=\"{&quot;background_background&quot;:&quot;classic&quot;,&quot;background_motion_fx_motion_fx_scrolling&quot;:&quot;yes&quot;,&quot;background_motion_fx_translateY_effect&quot;:&quot;yes&quot;,&quot;background_motion_fx_translateY_speed&quot;:{&quot;unit&quot;:&quot;px&quot;,&quot;size&quot;:4,&quot;sizes&quot;:[]},&quot;background_motion_fx_translateY_affectedRange&quot;:{&quot;unit&quot;:&quot;%&quot;,&quot;size&quot;:&quot;&quot;,&quot;sizes&quot;:{&quot;start&quot;:0,&quot;end&quot;:100}},&quot;background_motion_fx_devices&quot;:[&quot;desktop&quot;,&quot;tablet&quot;,&quot;mobile&quot;]}\">\n\t\t\t\t\t\t\t<div class=\"elementor-background-overlay\"><\/div>\n\t\t\t\t\t\t\t<div class=\"elementor-container elementor-column-gap-default\">\n\t\t\t\t\t<div class=\"elementor-column elementor-col-100 elementor-top-column elementor-element elementor-element-39236634\" data-id=\"39236634\" data-element_type=\"column\" data-e-type=\"column\">\n\t\t\t<div class=\"elementor-widget-wrap elementor-element-populated\">\n\t\t\t\t\t\t<div class=\"elementor-element elementor-element-6d293836 elementor-widget elementor-widget-heading\" data-id=\"6d293836\" data-element_type=\"widget\" data-e-type=\"widget\" data-widget_type=\"heading.default\">\n\t\t\t\t<div class=\"elementor-widget-container\">\n\t\t\t\t\t<h2 class=\"elementor-heading-title elementor-size-default\">KLUB AIKIDO <br>  AIKIKAI POZNA\u0143 - \"CZARNY PAS\"<\/h2>\t\t\t\t<\/div>\n\t\t\t\t<\/div>\n\t\t\t\t<div class=\"elementor-element elementor-element-466f4088 elementor-widget elementor-widget-heading\" data-id=\"466f4088\" data-element_type=\"widget\" data-e-type=\"widget\" data-widget_type=\"heading.default\">\n\t\t\t\t<div class=\"elementor-widget-container\">\n\t\t\t\t\t<h2 class=\"elementor-heading-title elementor-size-default\">Zacznij treningi od zaraz ! Wypisz dane a skontaktujemy si\u0119 z Tob\u0105 !<\/h2>\t\t\t\t<\/div>\n\t\t\t\t<\/div>\n\t\t\t\t<div class=\"elementor-element elementor-element-e00bbd8 elementor-button-align-stretch elementor-widget elementor-widget-global elementor-global-61 elementor-widget-form\" data-id=\"e00bbd8\" data-element_type=\"widget\" data-e-type=\"widget\" data-settings=\"{&quot;button_width&quot;:&quot;25&quot;,&quot;step_next_label&quot;:&quot;Next&quot;,&quot;step_previous_label&quot;:&quot;Previous&quot;,&quot;step_type&quot;:&quot;number_text&quot;,&quot;step_icon_shape&quot;:&quot;circle&quot;}\" data-widget_type=\"form.default\">\n\t\t\t\t<div class=\"elementor-widget-container\">\n\t\t\t\t\t\t\t<form class=\"elementor-form\" method=\"post\" name=\"New Form\">\n\t\t\t<input type=\"hidden\" name=\"post_id\" value=\"46\"\/>\n\t\t\t<input type=\"hidden\" name=\"form_id\" value=\"e00bbd8\"\/>\n\t\t\t<input type=\"hidden\" name=\"referer_title\" value=\"\" \/>\n\n\t\t\t\n\t\t\t<div class=\"elementor-form-fields-wrapper elementor-labels-above\">\n\t\t\t\t\t\t\t\t<div class=\"elementor-field-type-text elementor-field-group elementor-column elementor-field-group-name elementor-col-25 elementor-field-required\">\n\t\t\t\t\t\t\t\t\t\t\t\t\t<input size=\"1\" type=\"text\" name=\"form_fields[name]\" id=\"form-field-name\" class=\"elementor-field elementor-size-xs  elementor-field-textual\" placeholder=\"imi\u0119\" required=\"required\">\n\t\t\t\t\t\t\t\t\t\t\t<\/div>\n\t\t\t\t\t\t\t\t<div class=\"elementor-field-type-email elementor-field-group elementor-column elementor-field-group-email elementor-col-25\">\n\t\t\t\t\t\t\t\t\t\t\t\t\t<input size=\"1\" type=\"email\" name=\"form_fields[email]\" id=\"form-field-email\" class=\"elementor-field elementor-size-xs  elementor-field-textual\" placeholder=\"E-mail\">\n\t\t\t\t\t\t\t\t\t\t\t<\/div>\n\t\t\t\t\t\t\t\t<div class=\"elementor-field-type-tel elementor-field-group elementor-column elementor-field-group-field_0374922 elementor-col-25 elementor-field-required\">\n\t\t\t\t\t\t\t<input size=\"1\" type=\"tel\" name=\"form_fields[field_0374922]\" id=\"form-field-field_0374922\" class=\"elementor-field elementor-size-xs  elementor-field-textual\" placeholder=\"Telefon\" required=\"required\" pattern=\"[0-9()#&amp;+*-=.]+\" title=\"Akceptowane s\u0105 jedynie cyfry i znaki telefoniczne (#,-,*).\">\n\n\t\t\t\t\t\t<\/div>\n\t\t\t\t\t\t\t\t<div class=\"elementor-field-group elementor-column elementor-field-type-submit elementor-col-25 e-form__buttons\">\n\t\t\t\t\t<button class=\"elementor-button elementor-size-sm\" type=\"submit\">\n\t\t\t\t\t\t<span class=\"elementor-button-content-wrapper\">\n\t\t\t\t\t\t\t\t\t\t\t\t\t\t\t\t\t\t\t\t\t\t<span class=\"elementor-button-text\">Skontaktujemy si\u0119 z Tob\u0105<\/span>\n\t\t\t\t\t\t\t\t\t\t\t\t\t<\/span>\n\t\t\t\t\t<\/button>\n\t\t\t\t<\/div>\n\t\t\t<\/div>\n\t\t<\/form>\n\t\t\t\t\t\t<\/div>\n\t\t\t\t<\/div>\n\t\t\t\t<div class=\"elementor-element elementor-element-266f3ec elementor-nav-menu__align-justify elementor-hidden-tablet elementor-hidden-mobile elementor-nav-menu--dropdown-none elementor-widget elementor-widget-global elementor-global-115 elementor-widget-nav-menu\" data-id=\"266f3ec\" data-element_type=\"widget\" data-e-type=\"widget\" data-settings=\"{&quot;submenu_icon&quot;:{&quot;value&quot;:&quot;&quot;,&quot;library&quot;:&quot;&quot;},&quot;layout&quot;:&quot;horizontal&quot;}\" data-widget_type=\"nav-menu.default\">\n\t\t\t\t<div class=\"elementor-widget-container\">\n\t\t\t\t\t\t\t\t<nav aria-label=\"Menu\" class=\"elementor-nav-menu--main elementor-nav-menu__container elementor-nav-menu--layout-horizontal e--pointer-none\">\n\t\t\t\t<ul id=\"menu-1-266f3ec\" class=\"elementor-nav-menu\"><li class=\"menu-item menu-item-type-post_type menu-item-object-page menu-item-home menu-item-207\"><a href=\"https:\/\/klubaikido.pl\/\" class=\"elementor-item menu-link\">Strona Gl\u00f3wna<\/a><\/li>\n<li class=\"menu-item menu-item-type-post_type menu-item-object-page menu-item-99\"><a href=\"https:\/\/klubaikido.pl\/?page_id=34\" class=\"elementor-item menu-link\">KLUB<\/a><\/li>\n<li class=\"menu-item menu-item-type-post_type menu-item-object-page menu-item-103\"><a href=\"https:\/\/klubaikido.pl\/?page_id=46\" class=\"elementor-item menu-link\">MISTRZOWIE<\/a><\/li>\n<li class=\"menu-item menu-item-type-post_type menu-item-object-page menu-item-102\"><a href=\"https:\/\/klubaikido.pl\/?page_id=67\" class=\"elementor-item menu-link\">TRENERZY<\/a><\/li>\n<li class=\"menu-item menu-item-type-post_type menu-item-object-page menu-item-101\"><a href=\"https:\/\/klubaikido.pl\/?page_id=73\" class=\"elementor-item menu-link\">TRENINGI<\/a><\/li>\n<li class=\"menu-item menu-item-type-post_type menu-item-object-page menu-item-100\"><a href=\"https:\/\/klubaikido.pl\/?page_id=79\" class=\"elementor-item menu-link\">TOHO IAIDO<\/a><\/li>\n<li class=\"menu-item menu-item-type-post_type menu-item-object-page menu-item-104\"><a href=\"https:\/\/klubaikido.pl\/?page_id=86\" class=\"elementor-item menu-link\">KONTAKT<\/a><\/li>\n<li class=\"menu-item menu-item-type-custom menu-item-object-custom menu-item-home menu-item-105\"><a href=\"https:\/\/klubaikido.pl\/#aktual\" class=\"elementor-item elementor-item-anchor menu-link\">Aktualno\u015bci i sta\u017ce<\/a><\/li>\n<\/ul>\t\t\t<\/nav>\n\t\t\t\t\t\t<nav class=\"elementor-nav-menu--dropdown elementor-nav-menu__container\" aria-hidden=\"true\">\n\t\t\t\t<ul id=\"menu-2-266f3ec\" class=\"elementor-nav-menu\"><li class=\"menu-item menu-item-type-post_type menu-item-object-page menu-item-home menu-item-207\"><a href=\"https:\/\/klubaikido.pl\/\" class=\"elementor-item menu-link\" tabindex=\"-1\">Strona Gl\u00f3wna<\/a><\/li>\n<li class=\"menu-item menu-item-type-post_type menu-item-object-page menu-item-99\"><a href=\"https:\/\/klubaikido.pl\/?page_id=34\" class=\"elementor-item menu-link\" tabindex=\"-1\">KLUB<\/a><\/li>\n<li class=\"menu-item menu-item-type-post_type menu-item-object-page menu-item-103\"><a href=\"https:\/\/klubaikido.pl\/?page_id=46\" class=\"elementor-item menu-link\" tabindex=\"-1\">MISTRZOWIE<\/a><\/li>\n<li class=\"menu-item menu-item-type-post_type menu-item-object-page menu-item-102\"><a href=\"https:\/\/klubaikido.pl\/?page_id=67\" class=\"elementor-item menu-link\" tabindex=\"-1\">TRENERZY<\/a><\/li>\n<li class=\"menu-item menu-item-type-post_type menu-item-object-page menu-item-101\"><a href=\"https:\/\/klubaikido.pl\/?page_id=73\" class=\"elementor-item menu-link\" tabindex=\"-1\">TRENINGI<\/a><\/li>\n<li class=\"menu-item menu-item-type-post_type menu-item-object-page menu-item-100\"><a href=\"https:\/\/klubaikido.pl\/?page_id=79\" class=\"elementor-item menu-link\" tabindex=\"-1\">TOHO IAIDO<\/a><\/li>\n<li class=\"menu-item menu-item-type-post_type menu-item-object-page menu-item-104\"><a href=\"https:\/\/klubaikido.pl\/?page_id=86\" class=\"elementor-item menu-link\" tabindex=\"-1\">KONTAKT<\/a><\/li>\n<li class=\"menu-item menu-item-type-custom menu-item-object-custom menu-item-home menu-item-105\"><a href=\"https:\/\/klubaikido.pl\/#aktual\" class=\"elementor-item elementor-item-anchor menu-link\" tabindex=\"-1\">Aktualno\u015bci i sta\u017ce<\/a><\/li>\n<\/ul>\t\t\t<\/nav>\n\t\t\t\t\t\t<\/div>\n\t\t\t\t<\/div>\n\t\t\t\t\t<\/div>\n\t\t<\/div>\n\t\t\t\t\t<\/div>\n\t\t<\/section>\n\t\t\t\t<section class=\"elementor-section elementor-top-section elementor-element elementor-element-aea72e3 elementor-section-boxed elementor-section-height-default elementor-section-height-default\" data-id=\"aea72e3\" data-element_type=\"section\" data-e-type=\"section\">\n\t\t\t\t\t\t<div class=\"elementor-container elementor-column-gap-default\">\n\t\t\t\t\t<div class=\"elementor-column elementor-col-100 elementor-top-column elementor-element elementor-element-5d63d6a6\" data-id=\"5d63d6a6\" data-element_type=\"column\" data-e-type=\"column\">\n\t\t\t<div class=\"elementor-widget-wrap elementor-element-populated\">\n\t\t\t\t\t\t<div class=\"elementor-element elementor-element-368bfffe elementor-widget elementor-widget-heading\" data-id=\"368bfffe\" data-element_type=\"widget\" data-e-type=\"widget\" data-widget_type=\"heading.default\">\n\t\t\t\t<div class=\"elementor-widget-container\">\n\t\t\t\t\t<h2 class=\"elementor-heading-title elementor-size-default\">MISTRZOWIE<\/h2>\t\t\t\t<\/div>\n\t\t\t\t<\/div>\n\t\t\t\t<div class=\"elementor-element elementor-element-6b8dd923 elementor-widget-divider--view-line elementor-widget elementor-widget-divider\" data-id=\"6b8dd923\" data-element_type=\"widget\" data-e-type=\"widget\" data-widget_type=\"divider.default\">\n\t\t\t\t<div class=\"elementor-widget-container\">\n\t\t\t\t\t\t\t<div class=\"elementor-divider\">\n\t\t\t<span class=\"elementor-divider-separator\">\n\t\t\t\t\t\t<\/span>\n\t\t<\/div>\n\t\t\t\t\t\t<\/div>\n\t\t\t\t<\/div>\n\t\t\t\t\t<\/div>\n\t\t<\/div>\n\t\t\t\t\t<\/div>\n\t\t<\/section>\n\t\t\t\t<section class=\"elementor-section elementor-top-section elementor-element elementor-element-1dbdf0c7 elementor-section-boxed elementor-section-height-default elementor-section-height-default\" data-id=\"1dbdf0c7\" data-element_type=\"section\" data-e-type=\"section\">\n\t\t\t\t\t\t<div class=\"elementor-container elementor-column-gap-default\">\n\t\t\t\t\t<div class=\"elementor-column elementor-col-100 elementor-top-column elementor-element elementor-element-b3537d7\" data-id=\"b3537d7\" data-element_type=\"column\" data-e-type=\"column\">\n\t\t\t<div class=\"elementor-widget-wrap elementor-element-populated\">\n\t\t\t\t\t\t<div class=\"elementor-element elementor-element-1b0502ca elementor-widget elementor-widget-text-editor\" data-id=\"1b0502ca\" data-element_type=\"widget\" data-e-type=\"widget\" data-widget_type=\"text-editor.default\">\n\t\t\t\t<div class=\"elementor-widget-container\">\n\t\t\t\t\t\t\t\t\t<h2>Opiekunowie klubu<\/h2><p class=\"has-text-align-left\"><strong>Shoji Nishio Sensei (1927 \u2013 2005)<\/strong><\/p><p class=\"has-text-align-left\"><img fetchpriority=\"high\" decoding=\"async\" class=\"alignnone wp-image-251\" src=\"https:\/\/klubaikido.pl\/wp-content\/uploads\/2022\/02\/Nishio_Shoji_Aarhus-1-300x208.jpg\" alt=\"\" width=\"371\" height=\"257\" srcset=\"https:\/\/klubaikido.pl\/wp-content\/uploads\/2022\/02\/Nishio_Shoji_Aarhus-1-300x208.jpg 300w, https:\/\/klubaikido.pl\/wp-content\/uploads\/2022\/02\/Nishio_Shoji_Aarhus-1.jpg 423w\" sizes=\"(max-width: 371px) 100vw, 371px\" \/><\/p><p><em>8 dan dan Aikido, 8 dan dan Iaido<\/em><\/p><p>Jeden z najwi\u0119kszych autorytet\u00f3w w \u015bwiecie aikido i innych sztuk walki. Odszed\u0142 od nas 15 marca 2005 w wieku 77 lat.<br \/>Przez 16 lat by\u0142 Opiekunem naszego klubu.<br \/>Pozostanie na zawsze w pami\u0119ci swoich uczni\u00f3w i os\u00f3b, kt\u00f3re mia\u0142y okazj\u0119 go pozna\u0107<\/p><p><strong>Takao Arisue Sensei<\/strong><\/p><p><img decoding=\"async\" class=\"alignnone wp-image-250\" src=\"https:\/\/klubaikido.pl\/wp-content\/uploads\/2022\/02\/1397991_673221599363610_1762365006_o-768x491-1-300x192.jpg\" alt=\"\" width=\"372\" height=\"238\" srcset=\"https:\/\/klubaikido.pl\/wp-content\/uploads\/2022\/02\/1397991_673221599363610_1762365006_o-768x491-1-300x192.jpg 300w, https:\/\/klubaikido.pl\/wp-content\/uploads\/2022\/02\/1397991_673221599363610_1762365006_o-768x491-1.jpg 768w\" sizes=\"(max-width: 372px) 100vw, 372px\" \/><\/p><p><em>8 dan Aikido, 7 dan Iaido<\/em><\/p><p>Arisue Sensei jest jednym z najwa\u017cniejszych uczni\u00f3w Nishio Sensei. Od 2005 roku jest opiekunem naszego klubu dzi\u0119ki czemu mamy mo\u017cliwo\u015b\u0107 go\u015bci\u0107 go na corocznych seminariach Aikido organizowanych w Poznaniu i Miko\u0142owie. Cz\u0142onkowie naszego klubu bior\u0105 r\u00f3wnie\u017c udzia\u0142 w corocznych seminariach z Arisue Sensei, organizowanych przez du\u0144skie stowarzyszenie klub\u00f3w Aikido.<\/p><p><strong>Micha\u0142 G\u00f3rski<\/strong><\/p><p><img decoding=\"async\" class=\"alignnone wp-image-253\" src=\"https:\/\/klubaikido.pl\/wp-content\/uploads\/2022\/02\/IMG_1493-2-259x300.jpg\" alt=\"\" width=\"361\" height=\"418\" srcset=\"https:\/\/klubaikido.pl\/wp-content\/uploads\/2022\/02\/IMG_1493-2-259x300.jpg 259w, https:\/\/klubaikido.pl\/wp-content\/uploads\/2022\/02\/IMG_1493-2-886x1024.jpg 886w, https:\/\/klubaikido.pl\/wp-content\/uploads\/2022\/02\/IMG_1493-2-768x888.jpg 768w, https:\/\/klubaikido.pl\/wp-content\/uploads\/2022\/02\/IMG_1493-2-1328x1536.jpg 1328w, https:\/\/klubaikido.pl\/wp-content\/uploads\/2022\/02\/IMG_1493-2-1771x2048.jpg 1771w\" sizes=\"(max-width: 361px) 100vw, 361px\" \/><\/p><p><em>7 dan Aikido, 6 dan Iaido<\/em><\/p><p><b>Micha\u0142 G\u00f3rski<\/b> \u2013 trener sztuk walki, nauczyciel akademicki i pedagog.\u00a0 Uko\u0144czy\u0142 studia pedagogiczne i socjologiczne na UAM Pozna\u0144 oraz studia trenerskie na Akademii Wychowania Fizycznego we Wroc\u0142awiu. Aikido zacz\u0105\u0142 \u0107wiczy\u0107 w 1982 roku. Trenuje r\u00f3wnie\u017c Iaido, pocz\u0105tkowo pod kierunkiem Sh\u014dji Nishio Sensei, obecnie pod kierunkiem Takao Arisue Sensei.<\/p><p>Jest g\u0142\u00f3wnym instruktorem Aikido w najstarszym pozna\u0144skim klubie <i>Aikikai Pozna\u0144 -&#8222;Czarny Pas&#8221;,<\/i> nauczycielem i mentorem wielu mistrz\u00f3w Aikido.<\/p>\t\t\t\t\t\t\t\t<\/div>\n\t\t\t\t<\/div>\n\t\t\t\t\t<\/div>\n\t\t<\/div>\n\t\t\t\t\t<\/div>\n\t\t<\/section>\n\t\t\t\t<section class=\"elementor-section elementor-top-section elementor-element elementor-element-303921f6 elementor-section-full_width elementor-section-height-default elementor-section-height-default\" data-id=\"303921f6\" data-element_type=\"section\" data-e-type=\"section\">\n\t\t\t\t\t\t<div class=\"elementor-container elementor-column-gap-default\">\n\t\t\t\t\t<div class=\"elementor-column elementor-col-100 elementor-top-column elementor-element elementor-element-5c5e4aa5\" data-id=\"5c5e4aa5\" data-element_type=\"column\" data-e-type=\"column\">\n\t\t\t<div class=\"elementor-widget-wrap elementor-element-populated\">\n\t\t\t\t\t\t<div class=\"elementor-element elementor-element-139981b0 elementor-widget elementor-widget-google_maps\" data-id=\"139981b0\" data-element_type=\"widget\" data-e-type=\"widget\" data-widget_type=\"google_maps.default\">\n\t\t\t\t<div class=\"elementor-widget-container\">\n\t\t\t\t\t\t\t<div class=\"elementor-custom-embed\">\n\t\t\t<iframe loading=\"lazy\"\n\t\t\t\t\tsrc=\"https:\/\/maps.google.com\/maps?q=28%20Czerwca%201956%20r.%20217%2F219%2C%2061-485%20Pozna%C5%84&#038;t=m&#038;z=13&#038;output=embed&#038;iwloc=near\"\n\t\t\t\t\ttitle=\"28 Czerwca 1956 r. 217\/219, 61-485 Pozna\u0144\"\n\t\t\t\t\taria-label=\"28 Czerwca 1956 r. 217\/219, 61-485 Pozna\u0144\"\n\t\t\t><\/iframe>\n\t\t<\/div>\n\t\t\t\t\t\t<\/div>\n\t\t\t\t<\/div>\n\t\t\t\t\t<\/div>\n\t\t<\/div>\n\t\t\t\t\t<\/div>\n\t\t<\/section>\n\t\t\t\t<\/div>\n\t\t","protected":false},"excerpt":{"rendered":"<p>Adres dojo: ul. 28 Czerwca 1956r nr 217\/219 w Poznaniu w budynku Wy\u017cszej Szko\u0142y Handlu i Us\u0142ug Telefon dojo: 501 069 935 513 084 904 Zaj\u0119cia: wtorki 19:30 \u2013 21:30 \u015brody 07:45 \u2013 9:15, czwartki 19:00 \u2013 20:30 soboty 08:30 \u2013 10:00 KLUB AIKIDO AIKIKAI POZNA\u0143 &#8211; &#8222;CZARNY PAS&#8221; Zacznij treningi od zaraz ! Wypisz &hellip;<\/p>\n<p class=\"read-more\"> <a class=\"\" href=\"https:\/\/klubaikido.pl\/?page_id=46\"> <span class=\"screen-reader-text\">MISTRZOWIE<\/span> Read More &raquo;<\/a><\/p>\n","protected":false},"author":1,"featured_media":0,"parent":0,"menu_order":0,"comment_status":"closed","ping_status":"closed","template":"","meta":{"site-sidebar-layout":"no-sidebar","site-content-layout":"page-builder","ast-main-header-display":"","ast-hfb-above-header-display":"","ast-hfb-below-header-display":"","ast-hfb-mobile-header-display":"","site-post-title":"disabled","ast-breadcrumbs-content":"","ast-featured-img":"disabled","footer-sml-layout":"","theme-transparent-header-meta":"","adv-header-id-meta":"","stick-header-meta":"","header-above-stick-meta":"","header-main-stick-meta":"","header-below-stick-meta":"","footnotes":""},"class_list":["post-46","page","type-page","status-publish","hentry"],"_links":{"self":[{"href":"https:\/\/klubaikido.pl\/index.php?rest_route=\/wp\/v2\/pages\/46","targetHints":{"allow":["GET"]}}],"collection":[{"href":"https:\/\/klubaikido.pl\/index.php?rest_route=\/wp\/v2\/pages"}],"about":[{"href":"https:\/\/klubaikido.pl\/index.php?rest_route=\/wp\/v2\/types\/page"}],"author":[{"embeddable":true,"href":"https:\/\/klubaikido.pl\/index.php?rest_route=\/wp\/v2\/users\/1"}],"replies":[{"embeddable":true,"href":"https:\/\/klubaikido.pl\/index.php?rest_route=%2Fwp%2Fv2%2Fcomments&post=46"}],"version-history":[{"count":64,"href":"https:\/\/klubaikido.pl\/index.php?rest_route=\/wp\/v2\/pages\/46\/revisions"}],"predecessor-version":[{"id":663,"href":"https:\/\/klubaikido.pl\/index.php?rest_route=\/wp\/v2\/pages\/46\/revisions\/663"}],"wp:attachment":[{"href":"https:\/\/klubaikido.pl\/index.php?rest_route=%2Fwp%2Fv2%2Fmedia&parent=46"}],"curies":[{"name":"wp","href":"https:\/\/api.w.org\/{rel}","templated":true}]}}